{"id":504,"date":"2026-02-01T17:17:48","date_gmt":"2026-02-01T16:17:48","guid":{"rendered":"https:\/\/kadoconnect.com\/?post_type=product&#038;p=504"},"modified":"2026-02-01T17:17:48","modified_gmt":"2026-02-01T16:17:48","slug":"tensiometre-spengler-hopital-2","status":"publish","type":"product","link":"https:\/\/kadoconnect.com\/index.php\/product\/tensiometre-spengler-hopital-2\/","title":{"rendered":"Tensiom\u00e8tre Spengler H\u00f4pital"},"content":{"rendered":"<h2><\/h2>\n<h2>Tensiom\u00e8tre Spengler H\u00f4pital<\/h2>\n<h2><strong>Caract\u00e9risti<\/strong><strong>ques :<\/strong><\/h2>\n<p>Robinet de d\u00e9compression contr\u00f4l\u00e9e par valve ultra-pr\u00e9cise.<br \/>\n\u2013 Bo\u00eetier m\u00e9tal anticorrosion ; r\u00e9sistant aux chocs.<br \/>\n\u2013 Mesure lisibles sous tous les angles.<br \/>\n\u2013 Support de manom\u00e8tre en cro\u00fbte de cuir<br \/>\n\u2013 Brassard en plycoton ind\u00e9formable lavable.<br \/>\n\u2013 indication sp\u00e9cifique : patient bras ob\u00e8ses ; non sous perfusion.<\/p>\n","protected":false},"excerpt":{"rendered":"<p>Tensiom\u00e8tre Spengler H\u00f4pital Caract\u00e9ristiques : Robinet de d\u00e9compression contr\u00f4l\u00e9e par valve ultra-pr\u00e9cise. \u2013 Bo\u00eetier m\u00e9tal anticorrosion ; r\u00e9sistant aux chocs. \u2013 Mesure lisibles sous tous les angles. \u2013 Support de manom\u00e8tre en cro\u00fbte de cuir \u2013 Brassard en plycoton ind\u00e9formable lavable. \u2013 indication sp\u00e9cifique : patient bras ob\u00e8ses ; non sous perfusion.<\/p>\n","protected":false},"featured_media":505,"comment_status":"open","ping_status":"closed","template":"","meta":[],"product_brand":[],"product_cat":[22],"product_tag":[],"class_list":{"0":"post-504","1":"product","2":"type-product","3":"status-publish","4":"has-post-thumbnail","6":"product_cat-matriel-medical","8":"first","9":"instock","10":"shipping-taxable","11":"purchasable","12":"product-type-simple"},"yoast_head":"<!-- This site is optimized with the Yoast SEO plugin v25.6 - https:\/\/yoast.com\/wordpress\/plugins\/seo\/ -->\n<title>Tensiom\u00e8tre Spengler H\u00f4pital -<\/title>\n<meta name=\"robots\" content=\"index, follow, max-snippet:-1, max-image-preview:large, max-video-preview:-1\" \/>\n<link rel=\"canonical\" href=\"https:\/\/kadoconnect.com\/index.php\/product\/tensiometre-spengler-hopital-2\/\" \/>\n<meta property=\"og:locale\" content=\"fr_FR\" \/>\n<meta property=\"og:type\" content=\"article\" \/>\n<meta property=\"og:title\" content=\"Tensiom\u00e8tre Spengler H\u00f4pital -\" \/>\n<meta property=\"og:description\" content=\"Tensiom\u00e8tre Spengler H\u00f4pital Caract\u00e9ristiques : Robinet de d\u00e9compression contr\u00f4l\u00e9e par valve ultra-pr\u00e9cise. \u2013 Bo\u00eetier m\u00e9tal anticorrosion ; r\u00e9sistant aux chocs. \u2013 Mesure lisibles sous tous les angles. \u2013 Support de manom\u00e8tre en cro\u00fbte de cuir \u2013 Brassard en plycoton ind\u00e9formable lavable. \u2013 indication sp\u00e9cifique : patient bras ob\u00e8ses ; non sous perfusion.\" \/>\n<meta property=\"og:url\" content=\"https:\/\/kadoconnect.com\/index.php\/product\/tensiometre-spengler-hopital-2\/\" \/>\n<meta property=\"article:publisher\" content=\"https:\/\/www.facebook.com\/Kadoconnect\" \/>\n<meta property=\"og:image\" content=\"https:\/\/kadoconnect.com\/wp-content\/uploads\/2026\/02\/001-500x500-1-1.jpg\" \/>\n\t<meta property=\"og:image:width\" content=\"500\" \/>\n\t<meta property=\"og:image:height\" content=\"500\" \/>\n\t<meta property=\"og:image:type\" content=\"image\/jpeg\" \/>\n<meta name=\"twitter:card\" content=\"summary_large_image\" \/>\n<meta name=\"twitter:label1\" content=\"Dur\u00e9e de lecture estim\u00e9e\" \/>\n\t<meta name=\"twitter:data1\" content=\"1 minute\" \/>\n<script type=\"application\/ld+json\" class=\"yoast-schema-graph\">{\"@context\":\"https:\/\/schema.org\",\"@graph\":[{\"@type\":\"WebPage\",\"@id\":\"https:\/\/kadoconnect.com\/index.php\/product\/tensiometre-spengler-hopital-2\/\",\"url\":\"https:\/\/kadoconnect.com\/index.php\/product\/tensiometre-spengler-hopital-2\/\",\"name\":\"Tensiom\u00e8tre Spengler H\u00f4pital -\",\"isPartOf\":{\"@id\":\"https:\/\/kadoconnect.com\/#website\"},\"primaryImageOfPage\":{\"@id\":\"https:\/\/kadoconnect.com\/index.php\/product\/tensiometre-spengler-hopital-2\/#primaryimage\"},\"image\":{\"@id\":\"https:\/\/kadoconnect.com\/index.php\/product\/tensiometre-spengler-hopital-2\/#primaryimage\"},\"thumbnailUrl\":\"https:\/\/kadoconnect.com\/wp-content\/uploads\/2026\/02\/001-500x500-1-1.jpg\",\"datePublished\":\"2026-02-01T16:17:48+00:00\",\"breadcrumb\":{\"@id\":\"https:\/\/kadoconnect.com\/index.php\/product\/tensiometre-spengler-hopital-2\/#breadcrumb\"},\"inLanguage\":\"fr-FR\",\"potentialAction\":[{\"@type\":\"ReadAction\",\"target\":[\"https:\/\/kadoconnect.com\/index.php\/product\/tensiometre-spengler-hopital-2\/\"]}]},{\"@type\":\"ImageObject\",\"inLanguage\":\"fr-FR\",\"@id\":\"https:\/\/kadoconnect.com\/index.php\/product\/tensiometre-spengler-hopital-2\/#primaryimage\",\"url\":\"https:\/\/kadoconnect.com\/wp-content\/uploads\/2026\/02\/001-500x500-1-1.jpg\",\"contentUrl\":\"https:\/\/kadoconnect.com\/wp-content\/uploads\/2026\/02\/001-500x500-1-1.jpg\",\"width\":500,\"height\":500},{\"@type\":\"BreadcrumbList\",\"@id\":\"https:\/\/kadoconnect.com\/index.php\/product\/tensiometre-spengler-hopital-2\/#breadcrumb\",\"itemListElement\":[{\"@type\":\"ListItem\",\"position\":1,\"name\":\"Accueil\",\"item\":\"https:\/\/kadoconnect.com\/\"},{\"@type\":\"ListItem\",\"position\":2,\"name\":\"Boutique\",\"item\":\"https:\/\/kadoconnect.com\/\"},{\"@type\":\"ListItem\",\"position\":3,\"name\":\"Tensiom\u00e8tre Spengler H\u00f4pital\"}]},{\"@type\":\"WebSite\",\"@id\":\"https:\/\/kadoconnect.com\/#website\",\"url\":\"https:\/\/kadoconnect.com\/\",\"name\":\"\",\"description\":\"SATISFACTION IS OUR REWARD\",\"potentialAction\":[{\"@type\":\"SearchAction\",\"target\":{\"@type\":\"EntryPoint\",\"urlTemplate\":\"https:\/\/kadoconnect.com\/?s={search_term_string}\"},\"query-input\":{\"@type\":\"PropertyValueSpecification\",\"valueRequired\":true,\"valueName\":\"search_term_string\"}}],\"inLanguage\":\"fr-FR\"}]}<\/script>\n<!-- \/ Yoast SEO plugin. -->","yoast_head_json":{"title":"Tensiom\u00e8tre Spengler H\u00f4pital -","robots":{"index":"index","follow":"follow","max-snippet":"max-snippet:-1","max-image-preview":"max-image-preview:large","max-video-preview":"max-video-preview:-1"},"canonical":"https:\/\/kadoconnect.com\/index.php\/product\/tensiometre-spengler-hopital-2\/","og_locale":"fr_FR","og_type":"article","og_title":"Tensiom\u00e8tre Spengler H\u00f4pital -","og_description":"Tensiom\u00e8tre Spengler H\u00f4pital Caract\u00e9ristiques : Robinet de d\u00e9compression contr\u00f4l\u00e9e par valve ultra-pr\u00e9cise. \u2013 Bo\u00eetier m\u00e9tal anticorrosion ; r\u00e9sistant aux chocs. \u2013 Mesure lisibles sous tous les angles. \u2013 Support de manom\u00e8tre en cro\u00fbte de cuir \u2013 Brassard en plycoton ind\u00e9formable lavable. \u2013 indication sp\u00e9cifique : patient bras ob\u00e8ses ; non sous perfusion.","og_url":"https:\/\/kadoconnect.com\/index.php\/product\/tensiometre-spengler-hopital-2\/","article_publisher":"https:\/\/www.facebook.com\/Kadoconnect","og_image":[{"width":500,"height":500,"url":"https:\/\/kadoconnect.com\/wp-content\/uploads\/2026\/02\/001-500x500-1-1.jpg","type":"image\/jpeg"}],"twitter_card":"summary_large_image","twitter_misc":{"Dur\u00e9e de lecture estim\u00e9e":"1 minute"},"schema":{"@context":"https:\/\/schema.org","@graph":[{"@type":"WebPage","@id":"https:\/\/kadoconnect.com\/index.php\/product\/tensiometre-spengler-hopital-2\/","url":"https:\/\/kadoconnect.com\/index.php\/product\/tensiometre-spengler-hopital-2\/","name":"Tensiom\u00e8tre Spengler H\u00f4pital -","isPartOf":{"@id":"https:\/\/kadoconnect.com\/#website"},"primaryImageOfPage":{"@id":"https:\/\/kadoconnect.com\/index.php\/product\/tensiometre-spengler-hopital-2\/#primaryimage"},"image":{"@id":"https:\/\/kadoconnect.com\/index.php\/product\/tensiometre-spengler-hopital-2\/#primaryimage"},"thumbnailUrl":"https:\/\/kadoconnect.com\/wp-content\/uploads\/2026\/02\/001-500x500-1-1.jpg","datePublished":"2026-02-01T16:17:48+00:00","breadcrumb":{"@id":"https:\/\/kadoconnect.com\/index.php\/product\/tensiometre-spengler-hopital-2\/#breadcrumb"},"inLanguage":"fr-FR","potentialAction":[{"@type":"ReadAction","target":["https:\/\/kadoconnect.com\/index.php\/product\/tensiometre-spengler-hopital-2\/"]}]},{"@type":"ImageObject","inLanguage":"fr-FR","@id":"https:\/\/kadoconnect.com\/index.php\/product\/tensiometre-spengler-hopital-2\/#primaryimage","url":"https:\/\/kadoconnect.com\/wp-content\/uploads\/2026\/02\/001-500x500-1-1.jpg","contentUrl":"https:\/\/kadoconnect.com\/wp-content\/uploads\/2026\/02\/001-500x500-1-1.jpg","width":500,"height":500},{"@type":"BreadcrumbList","@id":"https:\/\/kadoconnect.com\/index.php\/product\/tensiometre-spengler-hopital-2\/#breadcrumb","itemListElement":[{"@type":"ListItem","position":1,"name":"Accueil","item":"https:\/\/kadoconnect.com\/"},{"@type":"ListItem","position":2,"name":"Boutique","item":"https:\/\/kadoconnect.com\/"},{"@type":"ListItem","position":3,"name":"Tensiom\u00e8tre Spengler H\u00f4pital"}]},{"@type":"WebSite","@id":"https:\/\/kadoconnect.com\/#website","url":"https:\/\/kadoconnect.com\/","name":"","description":"SATISFACTION IS OUR REWARD","potentialAction":[{"@type":"SearchAction","target":{"@type":"EntryPoint","urlTemplate":"https:\/\/kadoconnect.com\/?s={search_term_string}"},"query-input":{"@type":"PropertyValueSpecification","valueRequired":true,"valueName":"search_term_string"}}],"inLanguage":"fr-FR"}]}},"jetpack_sharing_enabled":true,"_links":{"self":[{"href":"https:\/\/kadoconnect.com\/index.php\/wp-json\/wp\/v2\/product\/504","targetHints":{"allow":["GET"]}}],"collection":[{"href":"https:\/\/kadoconnect.com\/index.php\/wp-json\/wp\/v2\/product"}],"about":[{"href":"https:\/\/kadoconnect.com\/index.php\/wp-json\/wp\/v2\/types\/product"}],"replies":[{"embeddable":true,"href":"https:\/\/kadoconnect.com\/index.php\/wp-json\/wp\/v2\/comments?post=504"}],"wp:featuredmedia":[{"embeddable":true,"href":"https:\/\/kadoconnect.com\/index.php\/wp-json\/wp\/v2\/media\/505"}],"wp:attachment":[{"href":"https:\/\/kadoconnect.com\/index.php\/wp-json\/wp\/v2\/media?parent=504"}],"wp:term":[{"taxonomy":"product_brand","embeddable":true,"href":"https:\/\/kadoconnect.com\/index.php\/wp-json\/wp\/v2\/product_brand?post=504"},{"taxonomy":"product_cat","embeddable":true,"href":"https:\/\/kadoconnect.com\/index.php\/wp-json\/wp\/v2\/product_cat?post=504"},{"taxonomy":"product_tag","embeddable":true,"href":"https:\/\/kadoconnect.com\/index.php\/wp-json\/wp\/v2\/product_tag?post=504"}],"curies":[{"name":"wp","href":"https:\/\/api.w.org\/{rel}","templated":true}]}}