{"id":584,"date":"2026-04-03T22:48:00","date_gmt":"2026-04-03T21:48:00","guid":{"rendered":"https:\/\/kadoconnect.com\/?post_type=product&#038;p=584"},"modified":"2026-04-03T22:48:00","modified_gmt":"2026-04-03T21:48:00","slug":"vital-fersang-60-gelules","status":"publish","type":"product","link":"https:\/\/kadoconnect.com\/index.php\/product\/vital-fersang-60-gelules\/","title":{"rendered":"Vital fersang 60 g\u00e9lules"},"content":{"rendered":"<h1>VITAL FERSANG 60 G\u00c9LULES<\/h1>\n<p><strong>VITAL FERSANG 60 G\u00c9LULES\u00a0<\/strong>\u00a0est un compl\u00e9ment alimentaire qui apporte \u00e0 l\u2019organisme les \u00e9l\u00e9ments essentiels pour la formation des globules rouges.<\/p>\n<h3 class=\"tab-title\"><strong>INDICATIONS<\/strong><\/h3>\n<div class=\"tab-content\"><\/div>\n<div class=\"tab\">\n<div class=\"tab-content\">\n<ul>\n<li>Pr\u00e9vention de la carence martiale<\/li>\n<li>Traitement de l\u2019an\u00e9mie chez l\u2019adulte, l\u2019enfant et la femme enceinte<\/li>\n<li>Restitution des r\u00e9serves en fer<\/li>\n<li>R\u00e9duit le risque de constipation<\/li>\n<li>Fortifie le sang<\/li>\n<\/ul>\n<h3>COMPOSITION PAR GELLULE<\/h3>\n<ul>\n<li>140 mg de Spiruline<\/li>\n<li>60 mg Vitamine C<\/li>\n<li>50 mg de Fer (Fumarate de fer = 152,161 mg)<\/li>\n<li>1 mg Vitamine B6<\/li>\n<li>350 \u00b5g Vitamine B9<\/li>\n<li>0,5 \u00b5g Vitamine B12<\/li>\n<\/ul>\n<\/div>\n<\/div>\n","protected":false},"excerpt":{"rendered":"<p>VITAL FERSANG 60 g\u00e9lules : compl\u00e9ment alimentaire riche en fer, spiruline et vitamines pour pr\u00e9venir l\u2019an\u00e9mie, renforcer les globules rouges et lutter contre la carence martiale sans constipation.<\/p>\n","protected":false},"featured_media":585,"comment_status":"open","ping_status":"closed","template":"","meta":[],"product_brand":[],"product_cat":[41],"product_tag":[],"class_list":{"0":"post-584","1":"product","2":"type-product","3":"status-publish","4":"has-post-thumbnail","6":"product_cat-sante","8":"first","9":"instock","10":"sale","11":"shipping-taxable","12":"purchasable","13":"product-type-simple"},"yoast_head":"<!-- This site is optimized with the Yoast SEO plugin v25.6 - https:\/\/yoast.com\/wordpress\/plugins\/seo\/ -->\n<title>Vital fersang 60 g\u00e9lules -<\/title>\n<meta name=\"description\" content=\"VITAL FERSANG 60 g\u00e9lules : compl\u00e9ment alimentaire riche en fer, spiruline et vitamines pour pr\u00e9venir l\u2019an\u00e9mie, renforcer les globules rouges et lutter contre la carence martiale sans constipation.\" \/>\n<meta name=\"robots\" content=\"index, follow, max-snippet:-1, max-image-preview:large, max-video-preview:-1\" \/>\n<link rel=\"canonical\" href=\"https:\/\/kadoconnect.com\/index.php\/product\/vital-fersang-60-gelules\/\" \/>\n<meta property=\"og:locale\" content=\"fr_FR\" \/>\n<meta property=\"og:type\" content=\"article\" \/>\n<meta property=\"og:title\" content=\"Vital fersang 60 g\u00e9lules -\" \/>\n<meta property=\"og:description\" content=\"VITAL FERSANG 60 g\u00e9lules : compl\u00e9ment alimentaire riche en fer, spiruline et vitamines pour pr\u00e9venir l\u2019an\u00e9mie, renforcer les globules rouges et lutter contre la carence martiale sans constipation.\" \/>\n<meta property=\"og:url\" content=\"https:\/\/kadoconnect.com\/index.php\/product\/vital-fersang-60-gelules\/\" \/>\n<meta property=\"article:publisher\" content=\"https:\/\/www.facebook.com\/Kadoconnect\" \/>\n<meta property=\"og:image\" content=\"https:\/\/kadoconnect.com\/wp-content\/uploads\/2026\/04\/fersang-60.jpg\" \/>\n\t<meta property=\"og:image:width\" content=\"334\" \/>\n\t<meta property=\"og:image:height\" content=\"458\" \/>\n\t<meta property=\"og:image:type\" content=\"image\/jpeg\" \/>\n<meta name=\"twitter:card\" content=\"summary_large_image\" \/>\n<meta name=\"twitter:label1\" content=\"Dur\u00e9e de lecture estim\u00e9e\" \/>\n\t<meta name=\"twitter:data1\" content=\"1 minute\" \/>\n<script type=\"application\/ld+json\" class=\"yoast-schema-graph\">{\"@context\":\"https:\/\/schema.org\",\"@graph\":[{\"@type\":\"WebPage\",\"@id\":\"https:\/\/kadoconnect.com\/index.php\/product\/vital-fersang-60-gelules\/\",\"url\":\"https:\/\/kadoconnect.com\/index.php\/product\/vital-fersang-60-gelules\/\",\"name\":\"Vital fersang 60 g\u00e9lules -\",\"isPartOf\":{\"@id\":\"https:\/\/kadoconnect.com\/#website\"},\"primaryImageOfPage\":{\"@id\":\"https:\/\/kadoconnect.com\/index.php\/product\/vital-fersang-60-gelules\/#primaryimage\"},\"image\":{\"@id\":\"https:\/\/kadoconnect.com\/index.php\/product\/vital-fersang-60-gelules\/#primaryimage\"},\"thumbnailUrl\":\"https:\/\/kadoconnect.com\/wp-content\/uploads\/2026\/04\/fersang-60.jpg\",\"datePublished\":\"2026-04-03T21:48:00+00:00\",\"description\":\"VITAL FERSANG 60 g\u00e9lules : compl\u00e9ment alimentaire riche en fer, spiruline et vitamines pour pr\u00e9venir l\u2019an\u00e9mie, renforcer les globules rouges et lutter contre la carence martiale sans constipation.\",\"breadcrumb\":{\"@id\":\"https:\/\/kadoconnect.com\/index.php\/product\/vital-fersang-60-gelules\/#breadcrumb\"},\"inLanguage\":\"fr-FR\",\"potentialAction\":[{\"@type\":\"ReadAction\",\"target\":[\"https:\/\/kadoconnect.com\/index.php\/product\/vital-fersang-60-gelules\/\"]}]},{\"@type\":\"ImageObject\",\"inLanguage\":\"fr-FR\",\"@id\":\"https:\/\/kadoconnect.com\/index.php\/product\/vital-fersang-60-gelules\/#primaryimage\",\"url\":\"https:\/\/kadoconnect.com\/wp-content\/uploads\/2026\/04\/fersang-60.jpg\",\"contentUrl\":\"https:\/\/kadoconnect.com\/wp-content\/uploads\/2026\/04\/fersang-60.jpg\",\"width\":334,\"height\":458},{\"@type\":\"BreadcrumbList\",\"@id\":\"https:\/\/kadoconnect.com\/index.php\/product\/vital-fersang-60-gelules\/#breadcrumb\",\"itemListElement\":[{\"@type\":\"ListItem\",\"position\":1,\"name\":\"Accueil\",\"item\":\"https:\/\/kadoconnect.com\/\"},{\"@type\":\"ListItem\",\"position\":2,\"name\":\"Boutique\",\"item\":\"https:\/\/kadoconnect.com\/\"},{\"@type\":\"ListItem\",\"position\":3,\"name\":\"Vital fersang 60 g\u00e9lules\"}]},{\"@type\":\"WebSite\",\"@id\":\"https:\/\/kadoconnect.com\/#website\",\"url\":\"https:\/\/kadoconnect.com\/\",\"name\":\"\",\"description\":\"SATISFACTION IS OUR REWARD\",\"potentialAction\":[{\"@type\":\"SearchAction\",\"target\":{\"@type\":\"EntryPoint\",\"urlTemplate\":\"https:\/\/kadoconnect.com\/?s={search_term_string}\"},\"query-input\":{\"@type\":\"PropertyValueSpecification\",\"valueRequired\":true,\"valueName\":\"search_term_string\"}}],\"inLanguage\":\"fr-FR\"}]}<\/script>\n<!-- \/ Yoast SEO plugin. -->","yoast_head_json":{"title":"Vital fersang 60 g\u00e9lules -","description":"VITAL FERSANG 60 g\u00e9lules : compl\u00e9ment alimentaire riche en fer, spiruline et vitamines pour pr\u00e9venir l\u2019an\u00e9mie, renforcer les globules rouges et lutter contre la carence martiale sans constipation.","robots":{"index":"index","follow":"follow","max-snippet":"max-snippet:-1","max-image-preview":"max-image-preview:large","max-video-preview":"max-video-preview:-1"},"canonical":"https:\/\/kadoconnect.com\/index.php\/product\/vital-fersang-60-gelules\/","og_locale":"fr_FR","og_type":"article","og_title":"Vital fersang 60 g\u00e9lules -","og_description":"VITAL FERSANG 60 g\u00e9lules : compl\u00e9ment alimentaire riche en fer, spiruline et vitamines pour pr\u00e9venir l\u2019an\u00e9mie, renforcer les globules rouges et lutter contre la carence martiale sans constipation.","og_url":"https:\/\/kadoconnect.com\/index.php\/product\/vital-fersang-60-gelules\/","article_publisher":"https:\/\/www.facebook.com\/Kadoconnect","og_image":[{"width":334,"height":458,"url":"https:\/\/kadoconnect.com\/wp-content\/uploads\/2026\/04\/fersang-60.jpg","type":"image\/jpeg"}],"twitter_card":"summary_large_image","twitter_misc":{"Dur\u00e9e de lecture estim\u00e9e":"1 minute"},"schema":{"@context":"https:\/\/schema.org","@graph":[{"@type":"WebPage","@id":"https:\/\/kadoconnect.com\/index.php\/product\/vital-fersang-60-gelules\/","url":"https:\/\/kadoconnect.com\/index.php\/product\/vital-fersang-60-gelules\/","name":"Vital fersang 60 g\u00e9lules -","isPartOf":{"@id":"https:\/\/kadoconnect.com\/#website"},"primaryImageOfPage":{"@id":"https:\/\/kadoconnect.com\/index.php\/product\/vital-fersang-60-gelules\/#primaryimage"},"image":{"@id":"https:\/\/kadoconnect.com\/index.php\/product\/vital-fersang-60-gelules\/#primaryimage"},"thumbnailUrl":"https:\/\/kadoconnect.com\/wp-content\/uploads\/2026\/04\/fersang-60.jpg","datePublished":"2026-04-03T21:48:00+00:00","description":"VITAL FERSANG 60 g\u00e9lules : compl\u00e9ment alimentaire riche en fer, spiruline et vitamines pour pr\u00e9venir l\u2019an\u00e9mie, renforcer les globules rouges et lutter contre la carence martiale sans constipation.","breadcrumb":{"@id":"https:\/\/kadoconnect.com\/index.php\/product\/vital-fersang-60-gelules\/#breadcrumb"},"inLanguage":"fr-FR","potentialAction":[{"@type":"ReadAction","target":["https:\/\/kadoconnect.com\/index.php\/product\/vital-fersang-60-gelules\/"]}]},{"@type":"ImageObject","inLanguage":"fr-FR","@id":"https:\/\/kadoconnect.com\/index.php\/product\/vital-fersang-60-gelules\/#primaryimage","url":"https:\/\/kadoconnect.com\/wp-content\/uploads\/2026\/04\/fersang-60.jpg","contentUrl":"https:\/\/kadoconnect.com\/wp-content\/uploads\/2026\/04\/fersang-60.jpg","width":334,"height":458},{"@type":"BreadcrumbList","@id":"https:\/\/kadoconnect.com\/index.php\/product\/vital-fersang-60-gelules\/#breadcrumb","itemListElement":[{"@type":"ListItem","position":1,"name":"Accueil","item":"https:\/\/kadoconnect.com\/"},{"@type":"ListItem","position":2,"name":"Boutique","item":"https:\/\/kadoconnect.com\/"},{"@type":"ListItem","position":3,"name":"Vital fersang 60 g\u00e9lules"}]},{"@type":"WebSite","@id":"https:\/\/kadoconnect.com\/#website","url":"https:\/\/kadoconnect.com\/","name":"","description":"SATISFACTION IS OUR REWARD","potentialAction":[{"@type":"SearchAction","target":{"@type":"EntryPoint","urlTemplate":"https:\/\/kadoconnect.com\/?s={search_term_string}"},"query-input":{"@type":"PropertyValueSpecification","valueRequired":true,"valueName":"search_term_string"}}],"inLanguage":"fr-FR"}]}},"jetpack_sharing_enabled":true,"_links":{"self":[{"href":"https:\/\/kadoconnect.com\/index.php\/wp-json\/wp\/v2\/product\/584","targetHints":{"allow":["GET"]}}],"collection":[{"href":"https:\/\/kadoconnect.com\/index.php\/wp-json\/wp\/v2\/product"}],"about":[{"href":"https:\/\/kadoconnect.com\/index.php\/wp-json\/wp\/v2\/types\/product"}],"replies":[{"embeddable":true,"href":"https:\/\/kadoconnect.com\/index.php\/wp-json\/wp\/v2\/comments?post=584"}],"wp:featuredmedia":[{"embeddable":true,"href":"https:\/\/kadoconnect.com\/index.php\/wp-json\/wp\/v2\/media\/585"}],"wp:attachment":[{"href":"https:\/\/kadoconnect.com\/index.php\/wp-json\/wp\/v2\/media?parent=584"}],"wp:term":[{"taxonomy":"product_brand","embeddable":true,"href":"https:\/\/kadoconnect.com\/index.php\/wp-json\/wp\/v2\/product_brand?post=584"},{"taxonomy":"product_cat","embeddable":true,"href":"https:\/\/kadoconnect.com\/index.php\/wp-json\/wp\/v2\/product_cat?post=584"},{"taxonomy":"product_tag","embeddable":true,"href":"https:\/\/kadoconnect.com\/index.php\/wp-json\/wp\/v2\/product_tag?post=584"}],"curies":[{"name":"wp","href":"https:\/\/api.w.org\/{rel}","templated":true}]}}