{"id":586,"date":"2026-04-03T22:52:20","date_gmt":"2026-04-03T21:52:20","guid":{"rendered":"https:\/\/kadoconnect.com\/?post_type=product&#038;p=586"},"modified":"2026-04-03T22:52:20","modified_gmt":"2026-04-03T21:52:20","slug":"omevie-omega-3-1000-boite-de-30-capsules","status":"publish","type":"product","link":"https:\/\/kadoconnect.com\/index.php\/product\/omevie-omega-3-1000-boite-de-30-capsules\/","title":{"rendered":"OMEVIE OMEGA 3 \u2013 1000 (Bo\u00eete de 30 capsules)"},"content":{"rendered":"<p data-start=\"0\" data-end=\"50\"><strong data-start=\"0\" data-end=\"48\">OMEVIE OMEGA 3 \u2013 1000 (Bo\u00eete de 30 capsules)<\/strong><\/p>\n<p data-start=\"52\" data-end=\"84\"><strong data-start=\"52\" data-end=\"82\">Les bienfaits essentiels :<\/strong><\/p>\n<ul data-start=\"85\" data-end=\"246\">\n<li data-section-id=\"zxxiui\" data-start=\"85\" data-end=\"120\">Favorise l\u2019\u00e9quilibre \u00e9motionnel<\/li>\n<li data-section-id=\"1xochs8\" data-start=\"121\" data-end=\"162\">Contribue \u00e0 la sant\u00e9 cardiovasculaire<\/li>\n<li data-section-id=\"jthyef\" data-start=\"163\" data-end=\"214\">Soutient la m\u00e9moire et les fonctions cognitives<\/li>\n<li data-section-id=\"hsvnv7\" data-start=\"215\" data-end=\"246\">Aide au confort articulaire<\/li>\n<\/ul>\n<p data-start=\"248\" data-end=\"568\"><strong data-start=\"248\" data-end=\"265\">Description :<\/strong><br data-start=\"265\" data-end=\"268\" \/>OMEVIE Omega 3 est un compl\u00e9ment alimentaire riche en acides gras essentiels, sp\u00e9cialement formul\u00e9 pour soutenir le c\u0153ur, les vaisseaux sanguins et le cerveau. Il participe \u00e0 la r\u00e9duction des triglyc\u00e9rides, am\u00e9liore la circulation sanguine et contribue au maintien d\u2019une tension art\u00e9rielle normale.<\/p>\n<p data-start=\"570\" data-end=\"803\">Gr\u00e2ce \u00e0 son action sur les fonctions c\u00e9r\u00e9brales, il aide \u00e9galement \u00e0 am\u00e9liorer la m\u00e9moire, la concentration et le bien-\u00eatre mental au quotidien. Les om\u00e9ga-3 jouent ainsi un r\u00f4le cl\u00e9 dans le bon fonctionnement global de l\u2019organisme.<\/p>\n<p data-start=\"805\" data-end=\"941\"><strong data-start=\"805\" data-end=\"833\">Conseils d\u2019utilisation :<\/strong><br data-start=\"833\" data-end=\"836\" \/>Prendre 1 capsule par jour, de pr\u00e9f\u00e9rence pendant la journ\u00e9e, selon l\u2019avis d\u2019un professionnel de sant\u00e9.<\/p>\n<p data-start=\"943\" data-end=\"1213\"><strong data-start=\"943\" data-end=\"964\">Recommandations :<\/strong><br data-start=\"964\" data-end=\"967\" \/>Ce compl\u00e9ment convient aux adultes souhaitant pr\u00e9server leur sant\u00e9 cardiovasculaire et cognitive. Il peut aussi \u00eatre utilis\u00e9 chez l\u2019enfant et la femme enceinte pour soutenir le d\u00e9veloppement du cerveau et du syst\u00e8me nerveux, apr\u00e8s avis m\u00e9dical.<\/p>\n","protected":false},"excerpt":{"rendered":"<p>OMEVIE Omega 3 est un compl\u00e9ment alimentaire riche en acides gras essentiels, sp\u00e9cialement formul\u00e9 pour soutenir le c\u0153ur, les vaisseaux sanguins et le cerveau. Il participe \u00e0 la r\u00e9duction des triglyc\u00e9rides, am\u00e9liore la circulation sanguine et contribue au maintien d\u2019une tension art\u00e9rielle normale.<\/p>\n","protected":false},"featured_media":587,"comment_status":"open","ping_status":"closed","template":"","meta":[],"product_brand":[],"product_cat":[41],"product_tag":[],"class_list":{"0":"post-586","1":"product","2":"type-product","3":"status-publish","4":"has-post-thumbnail","6":"product_cat-sante","8":"first","9":"instock","10":"sale","11":"shipping-taxable","12":"purchasable","13":"product-type-simple"},"yoast_head":"<!-- This site is optimized with the Yoast SEO plugin v25.6 - https:\/\/yoast.com\/wordpress\/plugins\/seo\/ -->\n<title>OMEVIE OMEGA 3 \u2013 1000 (Bo\u00eete de 30 capsules) -<\/title>\n<meta name=\"description\" content=\"OMEVIE Omega 3 1000 (30 capsules) : compl\u00e9ment alimentaire pour le c\u0153ur, le cerveau et la m\u00e9moire. Favorise la circulation, l\u2019\u00e9quilibre \u00e9motionnel et le bien-\u00eatre g\u00e9n\u00e9ral.\" \/>\n<meta name=\"robots\" content=\"index, follow, max-snippet:-1, max-image-preview:large, max-video-preview:-1\" \/>\n<link rel=\"canonical\" href=\"https:\/\/kadoconnect.com\/index.php\/product\/omevie-omega-3-1000-boite-de-30-capsules\/\" \/>\n<meta property=\"og:locale\" content=\"fr_FR\" \/>\n<meta property=\"og:type\" content=\"article\" \/>\n<meta property=\"og:title\" content=\"OMEVIE OMEGA 3 \u2013 1000 (Bo\u00eete de 30 capsules) -\" \/>\n<meta property=\"og:description\" content=\"OMEVIE Omega 3 1000 (30 capsules) : compl\u00e9ment alimentaire pour le c\u0153ur, le cerveau et la m\u00e9moire. Favorise la circulation, l\u2019\u00e9quilibre \u00e9motionnel et le bien-\u00eatre g\u00e9n\u00e9ral.\" \/>\n<meta property=\"og:url\" content=\"https:\/\/kadoconnect.com\/index.php\/product\/omevie-omega-3-1000-boite-de-30-capsules\/\" \/>\n<meta property=\"article:publisher\" content=\"https:\/\/www.facebook.com\/Kadoconnect\" \/>\n<meta property=\"og:image\" content=\"https:\/\/kadoconnect.com\/wp-content\/uploads\/2026\/04\/omevie-3.jpg\" \/>\n\t<meta property=\"og:image:width\" content=\"555\" \/>\n\t<meta property=\"og:image:height\" content=\"660\" \/>\n\t<meta property=\"og:image:type\" content=\"image\/jpeg\" \/>\n<meta name=\"twitter:card\" content=\"summary_large_image\" \/>\n<meta name=\"twitter:label1\" content=\"Dur\u00e9e de lecture estim\u00e9e\" \/>\n\t<meta name=\"twitter:data1\" content=\"2 minutes\" \/>\n<script type=\"application\/ld+json\" class=\"yoast-schema-graph\">{\"@context\":\"https:\/\/schema.org\",\"@graph\":[{\"@type\":\"WebPage\",\"@id\":\"https:\/\/kadoconnect.com\/index.php\/product\/omevie-omega-3-1000-boite-de-30-capsules\/\",\"url\":\"https:\/\/kadoconnect.com\/index.php\/product\/omevie-omega-3-1000-boite-de-30-capsules\/\",\"name\":\"OMEVIE OMEGA 3 \u2013 1000 (Bo\u00eete de 30 capsules) -\",\"isPartOf\":{\"@id\":\"https:\/\/kadoconnect.com\/#website\"},\"primaryImageOfPage\":{\"@id\":\"https:\/\/kadoconnect.com\/index.php\/product\/omevie-omega-3-1000-boite-de-30-capsules\/#primaryimage\"},\"image\":{\"@id\":\"https:\/\/kadoconnect.com\/index.php\/product\/omevie-omega-3-1000-boite-de-30-capsules\/#primaryimage\"},\"thumbnailUrl\":\"https:\/\/kadoconnect.com\/wp-content\/uploads\/2026\/04\/omevie-3.jpg\",\"datePublished\":\"2026-04-03T21:52:20+00:00\",\"description\":\"OMEVIE Omega 3 1000 (30 capsules) : compl\u00e9ment alimentaire pour le c\u0153ur, le cerveau et la m\u00e9moire. Favorise la circulation, l\u2019\u00e9quilibre \u00e9motionnel et le bien-\u00eatre g\u00e9n\u00e9ral.\",\"breadcrumb\":{\"@id\":\"https:\/\/kadoconnect.com\/index.php\/product\/omevie-omega-3-1000-boite-de-30-capsules\/#breadcrumb\"},\"inLanguage\":\"fr-FR\",\"potentialAction\":[{\"@type\":\"ReadAction\",\"target\":[\"https:\/\/kadoconnect.com\/index.php\/product\/omevie-omega-3-1000-boite-de-30-capsules\/\"]}]},{\"@type\":\"ImageObject\",\"inLanguage\":\"fr-FR\",\"@id\":\"https:\/\/kadoconnect.com\/index.php\/product\/omevie-omega-3-1000-boite-de-30-capsules\/#primaryimage\",\"url\":\"https:\/\/kadoconnect.com\/wp-content\/uploads\/2026\/04\/omevie-3.jpg\",\"contentUrl\":\"https:\/\/kadoconnect.com\/wp-content\/uploads\/2026\/04\/omevie-3.jpg\",\"width\":555,\"height\":660},{\"@type\":\"BreadcrumbList\",\"@id\":\"https:\/\/kadoconnect.com\/index.php\/product\/omevie-omega-3-1000-boite-de-30-capsules\/#breadcrumb\",\"itemListElement\":[{\"@type\":\"ListItem\",\"position\":1,\"name\":\"Accueil\",\"item\":\"https:\/\/kadoconnect.com\/\"},{\"@type\":\"ListItem\",\"position\":2,\"name\":\"Boutique\",\"item\":\"https:\/\/kadoconnect.com\/\"},{\"@type\":\"ListItem\",\"position\":3,\"name\":\"OMEVIE OMEGA 3 \u2013 1000 (Bo\u00eete de 30 capsules)\"}]},{\"@type\":\"WebSite\",\"@id\":\"https:\/\/kadoconnect.com\/#website\",\"url\":\"https:\/\/kadoconnect.com\/\",\"name\":\"\",\"description\":\"SATISFACTION IS OUR REWARD\",\"potentialAction\":[{\"@type\":\"SearchAction\",\"target\":{\"@type\":\"EntryPoint\",\"urlTemplate\":\"https:\/\/kadoconnect.com\/?s={search_term_string}\"},\"query-input\":{\"@type\":\"PropertyValueSpecification\",\"valueRequired\":true,\"valueName\":\"search_term_string\"}}],\"inLanguage\":\"fr-FR\"}]}<\/script>\n<!-- \/ Yoast SEO plugin. -->","yoast_head_json":{"title":"OMEVIE OMEGA 3 \u2013 1000 (Bo\u00eete de 30 capsules) -","description":"OMEVIE Omega 3 1000 (30 capsules) : compl\u00e9ment alimentaire pour le c\u0153ur, le cerveau et la m\u00e9moire. Favorise la circulation, l\u2019\u00e9quilibre \u00e9motionnel et le bien-\u00eatre g\u00e9n\u00e9ral.","robots":{"index":"index","follow":"follow","max-snippet":"max-snippet:-1","max-image-preview":"max-image-preview:large","max-video-preview":"max-video-preview:-1"},"canonical":"https:\/\/kadoconnect.com\/index.php\/product\/omevie-omega-3-1000-boite-de-30-capsules\/","og_locale":"fr_FR","og_type":"article","og_title":"OMEVIE OMEGA 3 \u2013 1000 (Bo\u00eete de 30 capsules) -","og_description":"OMEVIE Omega 3 1000 (30 capsules) : compl\u00e9ment alimentaire pour le c\u0153ur, le cerveau et la m\u00e9moire. Favorise la circulation, l\u2019\u00e9quilibre \u00e9motionnel et le bien-\u00eatre g\u00e9n\u00e9ral.","og_url":"https:\/\/kadoconnect.com\/index.php\/product\/omevie-omega-3-1000-boite-de-30-capsules\/","article_publisher":"https:\/\/www.facebook.com\/Kadoconnect","og_image":[{"width":555,"height":660,"url":"https:\/\/kadoconnect.com\/wp-content\/uploads\/2026\/04\/omevie-3.jpg","type":"image\/jpeg"}],"twitter_card":"summary_large_image","twitter_misc":{"Dur\u00e9e de lecture estim\u00e9e":"2 minutes"},"schema":{"@context":"https:\/\/schema.org","@graph":[{"@type":"WebPage","@id":"https:\/\/kadoconnect.com\/index.php\/product\/omevie-omega-3-1000-boite-de-30-capsules\/","url":"https:\/\/kadoconnect.com\/index.php\/product\/omevie-omega-3-1000-boite-de-30-capsules\/","name":"OMEVIE OMEGA 3 \u2013 1000 (Bo\u00eete de 30 capsules) -","isPartOf":{"@id":"https:\/\/kadoconnect.com\/#website"},"primaryImageOfPage":{"@id":"https:\/\/kadoconnect.com\/index.php\/product\/omevie-omega-3-1000-boite-de-30-capsules\/#primaryimage"},"image":{"@id":"https:\/\/kadoconnect.com\/index.php\/product\/omevie-omega-3-1000-boite-de-30-capsules\/#primaryimage"},"thumbnailUrl":"https:\/\/kadoconnect.com\/wp-content\/uploads\/2026\/04\/omevie-3.jpg","datePublished":"2026-04-03T21:52:20+00:00","description":"OMEVIE Omega 3 1000 (30 capsules) : compl\u00e9ment alimentaire pour le c\u0153ur, le cerveau et la m\u00e9moire. Favorise la circulation, l\u2019\u00e9quilibre \u00e9motionnel et le bien-\u00eatre g\u00e9n\u00e9ral.","breadcrumb":{"@id":"https:\/\/kadoconnect.com\/index.php\/product\/omevie-omega-3-1000-boite-de-30-capsules\/#breadcrumb"},"inLanguage":"fr-FR","potentialAction":[{"@type":"ReadAction","target":["https:\/\/kadoconnect.com\/index.php\/product\/omevie-omega-3-1000-boite-de-30-capsules\/"]}]},{"@type":"ImageObject","inLanguage":"fr-FR","@id":"https:\/\/kadoconnect.com\/index.php\/product\/omevie-omega-3-1000-boite-de-30-capsules\/#primaryimage","url":"https:\/\/kadoconnect.com\/wp-content\/uploads\/2026\/04\/omevie-3.jpg","contentUrl":"https:\/\/kadoconnect.com\/wp-content\/uploads\/2026\/04\/omevie-3.jpg","width":555,"height":660},{"@type":"BreadcrumbList","@id":"https:\/\/kadoconnect.com\/index.php\/product\/omevie-omega-3-1000-boite-de-30-capsules\/#breadcrumb","itemListElement":[{"@type":"ListItem","position":1,"name":"Accueil","item":"https:\/\/kadoconnect.com\/"},{"@type":"ListItem","position":2,"name":"Boutique","item":"https:\/\/kadoconnect.com\/"},{"@type":"ListItem","position":3,"name":"OMEVIE OMEGA 3 \u2013 1000 (Bo\u00eete de 30 capsules)"}]},{"@type":"WebSite","@id":"https:\/\/kadoconnect.com\/#website","url":"https:\/\/kadoconnect.com\/","name":"","description":"SATISFACTION IS OUR REWARD","potentialAction":[{"@type":"SearchAction","target":{"@type":"EntryPoint","urlTemplate":"https:\/\/kadoconnect.com\/?s={search_term_string}"},"query-input":{"@type":"PropertyValueSpecification","valueRequired":true,"valueName":"search_term_string"}}],"inLanguage":"fr-FR"}]}},"jetpack_sharing_enabled":true,"_links":{"self":[{"href":"https:\/\/kadoconnect.com\/index.php\/wp-json\/wp\/v2\/product\/586","targetHints":{"allow":["GET"]}}],"collection":[{"href":"https:\/\/kadoconnect.com\/index.php\/wp-json\/wp\/v2\/product"}],"about":[{"href":"https:\/\/kadoconnect.com\/index.php\/wp-json\/wp\/v2\/types\/product"}],"replies":[{"embeddable":true,"href":"https:\/\/kadoconnect.com\/index.php\/wp-json\/wp\/v2\/comments?post=586"}],"wp:featuredmedia":[{"embeddable":true,"href":"https:\/\/kadoconnect.com\/index.php\/wp-json\/wp\/v2\/media\/587"}],"wp:attachment":[{"href":"https:\/\/kadoconnect.com\/index.php\/wp-json\/wp\/v2\/media?parent=586"}],"wp:term":[{"taxonomy":"product_brand","embeddable":true,"href":"https:\/\/kadoconnect.com\/index.php\/wp-json\/wp\/v2\/product_brand?post=586"},{"taxonomy":"product_cat","embeddable":true,"href":"https:\/\/kadoconnect.com\/index.php\/wp-json\/wp\/v2\/product_cat?post=586"},{"taxonomy":"product_tag","embeddable":true,"href":"https:\/\/kadoconnect.com\/index.php\/wp-json\/wp\/v2\/product_tag?post=586"}],"curies":[{"name":"wp","href":"https:\/\/api.w.org\/{rel}","templated":true}]}}