{"id":589,"date":"2026-04-04T22:14:10","date_gmt":"2026-04-04T21:14:10","guid":{"rendered":"https:\/\/kadoconnect.com\/?post_type=product&#038;p=589"},"modified":"2026-04-04T22:14:10","modified_gmt":"2026-04-04T21:14:10","slug":"mobiflex-gelules-b-60","status":"publish","type":"product","link":"https:\/\/kadoconnect.com\/index.php\/product\/mobiflex-gelules-b-60\/","title":{"rendered":"MOBIFLEX GELULES B\/60"},"content":{"rendered":"<p>Retrouvez une libert\u00e9 de mouvement totale gr\u00e2ce \u00e0 notre complexe articulaire haute performance, formul\u00e9 pour r\u00e9g\u00e9n\u00e9rer le cartilage et am\u00e9liorer la souplesse au quotidien. En associant la puissance de la <b data-path-to-node=\"1\" data-index-in-node=\"204\">Glucosamine<\/b> et de la <b data-path-to-node=\"1\" data-index-in-node=\"225\">Chondro\u00eftine<\/b> \u00e0 l&rsquo;action lubrifiante de l&rsquo;<b data-path-to-node=\"1\" data-index-in-node=\"266\">Acide Hyaluronique<\/b> et du <b data-path-to-node=\"1\" data-index-in-node=\"291\">Collag\u00e8ne<\/b>, ce compl\u00e9ment cible l&rsquo;inflammation et renforce vos articulations en profondeur. Pour un r\u00e9sultat optimal, une cure de 1 \u00e0 3 mois \u00e0 raison de <b data-path-to-node=\"1\" data-index-in-node=\"443\">2 g\u00e9lules par jour<\/b> vous permettra de retrouver durablement confort et mobilit\u00e9.<\/p>\n","protected":false},"excerpt":{"rendered":"<p>Retrouvez une libert\u00e9 de mouvement totale gr\u00e2ce \u00e0 notre complexe articulaire haute performance, formul\u00e9 pour r\u00e9g\u00e9n\u00e9rer le cartilage et am\u00e9liorer la souplesse au quotidien. En associant la puissance de la Glucosamine et de la Chondro\u00eftine \u00e0 l&rsquo;action lubrifiante de l&rsquo;Acide Hyaluronique et du Collag\u00e8ne, ce compl\u00e9ment cible l&rsquo;inflammation et renforce vos articulations en profondeur. Pour [&hellip;]<\/p>\n","protected":false},"featured_media":590,"comment_status":"open","ping_status":"closed","template":"","meta":[],"product_brand":[],"product_cat":[41],"product_tag":[],"class_list":{"0":"post-589","1":"product","2":"type-product","3":"status-publish","4":"has-post-thumbnail","6":"product_cat-sante","8":"first","9":"instock","10":"sale","11":"shipping-taxable","12":"purchasable","13":"product-type-simple"},"yoast_head":"<!-- This site is optimized with the Yoast SEO plugin v25.6 - https:\/\/yoast.com\/wordpress\/plugins\/seo\/ -->\n<title>MOBIFLEX GELULES B\/60 -<\/title>\n<meta name=\"description\" content=\"Optimisez votre mobilit\u00e9 avec notre complexe Glucosamine &amp; Chondro\u00eftine. Une formule compl\u00e8te \u00e0 l&#039;Acide Hyaluronique pour soulager vos articulations. Cure de 1 \u00e0 3 mois.\" \/>\n<meta name=\"robots\" content=\"index, follow, max-snippet:-1, max-image-preview:large, max-video-preview:-1\" \/>\n<link rel=\"canonical\" href=\"https:\/\/kadoconnect.com\/index.php\/product\/mobiflex-gelules-b-60\/\" \/>\n<meta property=\"og:locale\" content=\"fr_FR\" \/>\n<meta property=\"og:type\" content=\"article\" \/>\n<meta property=\"og:title\" content=\"MOBIFLEX GELULES B\/60 -\" \/>\n<meta property=\"og:description\" content=\"Optimisez votre mobilit\u00e9 avec notre complexe Glucosamine &amp; Chondro\u00eftine. Une formule compl\u00e8te \u00e0 l&#039;Acide Hyaluronique pour soulager vos articulations. Cure de 1 \u00e0 3 mois.\" \/>\n<meta property=\"og:url\" content=\"https:\/\/kadoconnect.com\/index.php\/product\/mobiflex-gelules-b-60\/\" \/>\n<meta property=\"article:publisher\" content=\"https:\/\/www.facebook.com\/Kadoconnect\" \/>\n<meta property=\"og:image\" content=\"https:\/\/kadoconnect.com\/wp-content\/uploads\/2026\/04\/mobiflex.jpg\" \/>\n\t<meta property=\"og:image:width\" content=\"510\" \/>\n\t<meta property=\"og:image:height\" content=\"650\" \/>\n\t<meta property=\"og:image:type\" content=\"image\/jpeg\" \/>\n<meta name=\"twitter:card\" content=\"summary_large_image\" \/>\n<meta name=\"twitter:label1\" content=\"Dur\u00e9e de lecture estim\u00e9e\" \/>\n\t<meta name=\"twitter:data1\" content=\"1 minute\" \/>\n<script type=\"application\/ld+json\" class=\"yoast-schema-graph\">{\"@context\":\"https:\/\/schema.org\",\"@graph\":[{\"@type\":\"WebPage\",\"@id\":\"https:\/\/kadoconnect.com\/index.php\/product\/mobiflex-gelules-b-60\/\",\"url\":\"https:\/\/kadoconnect.com\/index.php\/product\/mobiflex-gelules-b-60\/\",\"name\":\"MOBIFLEX GELULES B\/60 -\",\"isPartOf\":{\"@id\":\"https:\/\/kadoconnect.com\/#website\"},\"primaryImageOfPage\":{\"@id\":\"https:\/\/kadoconnect.com\/index.php\/product\/mobiflex-gelules-b-60\/#primaryimage\"},\"image\":{\"@id\":\"https:\/\/kadoconnect.com\/index.php\/product\/mobiflex-gelules-b-60\/#primaryimage\"},\"thumbnailUrl\":\"https:\/\/kadoconnect.com\/wp-content\/uploads\/2026\/04\/mobiflex.jpg\",\"datePublished\":\"2026-04-04T21:14:10+00:00\",\"description\":\"Optimisez votre mobilit\u00e9 avec notre complexe Glucosamine & Chondro\u00eftine. Une formule compl\u00e8te \u00e0 l'Acide Hyaluronique pour soulager vos articulations. Cure de 1 \u00e0 3 mois.\",\"breadcrumb\":{\"@id\":\"https:\/\/kadoconnect.com\/index.php\/product\/mobiflex-gelules-b-60\/#breadcrumb\"},\"inLanguage\":\"fr-FR\",\"potentialAction\":[{\"@type\":\"ReadAction\",\"target\":[\"https:\/\/kadoconnect.com\/index.php\/product\/mobiflex-gelules-b-60\/\"]}]},{\"@type\":\"ImageObject\",\"inLanguage\":\"fr-FR\",\"@id\":\"https:\/\/kadoconnect.com\/index.php\/product\/mobiflex-gelules-b-60\/#primaryimage\",\"url\":\"https:\/\/kadoconnect.com\/wp-content\/uploads\/2026\/04\/mobiflex.jpg\",\"contentUrl\":\"https:\/\/kadoconnect.com\/wp-content\/uploads\/2026\/04\/mobiflex.jpg\",\"width\":510,\"height\":650},{\"@type\":\"BreadcrumbList\",\"@id\":\"https:\/\/kadoconnect.com\/index.php\/product\/mobiflex-gelules-b-60\/#breadcrumb\",\"itemListElement\":[{\"@type\":\"ListItem\",\"position\":1,\"name\":\"Accueil\",\"item\":\"https:\/\/kadoconnect.com\/\"},{\"@type\":\"ListItem\",\"position\":2,\"name\":\"Boutique\",\"item\":\"https:\/\/kadoconnect.com\/\"},{\"@type\":\"ListItem\",\"position\":3,\"name\":\"MOBIFLEX GELULES B\/60\"}]},{\"@type\":\"WebSite\",\"@id\":\"https:\/\/kadoconnect.com\/#website\",\"url\":\"https:\/\/kadoconnect.com\/\",\"name\":\"\",\"description\":\"SATISFACTION IS OUR REWARD\",\"potentialAction\":[{\"@type\":\"SearchAction\",\"target\":{\"@type\":\"EntryPoint\",\"urlTemplate\":\"https:\/\/kadoconnect.com\/?s={search_term_string}\"},\"query-input\":{\"@type\":\"PropertyValueSpecification\",\"valueRequired\":true,\"valueName\":\"search_term_string\"}}],\"inLanguage\":\"fr-FR\"}]}<\/script>\n<!-- \/ Yoast SEO plugin. -->","yoast_head_json":{"title":"MOBIFLEX GELULES B\/60 -","description":"Optimisez votre mobilit\u00e9 avec notre complexe Glucosamine & Chondro\u00eftine. Une formule compl\u00e8te \u00e0 l'Acide Hyaluronique pour soulager vos articulations. Cure de 1 \u00e0 3 mois.","robots":{"index":"index","follow":"follow","max-snippet":"max-snippet:-1","max-image-preview":"max-image-preview:large","max-video-preview":"max-video-preview:-1"},"canonical":"https:\/\/kadoconnect.com\/index.php\/product\/mobiflex-gelules-b-60\/","og_locale":"fr_FR","og_type":"article","og_title":"MOBIFLEX GELULES B\/60 -","og_description":"Optimisez votre mobilit\u00e9 avec notre complexe Glucosamine & Chondro\u00eftine. Une formule compl\u00e8te \u00e0 l'Acide Hyaluronique pour soulager vos articulations. Cure de 1 \u00e0 3 mois.","og_url":"https:\/\/kadoconnect.com\/index.php\/product\/mobiflex-gelules-b-60\/","article_publisher":"https:\/\/www.facebook.com\/Kadoconnect","og_image":[{"width":510,"height":650,"url":"https:\/\/kadoconnect.com\/wp-content\/uploads\/2026\/04\/mobiflex.jpg","type":"image\/jpeg"}],"twitter_card":"summary_large_image","twitter_misc":{"Dur\u00e9e de lecture estim\u00e9e":"1 minute"},"schema":{"@context":"https:\/\/schema.org","@graph":[{"@type":"WebPage","@id":"https:\/\/kadoconnect.com\/index.php\/product\/mobiflex-gelules-b-60\/","url":"https:\/\/kadoconnect.com\/index.php\/product\/mobiflex-gelules-b-60\/","name":"MOBIFLEX GELULES B\/60 -","isPartOf":{"@id":"https:\/\/kadoconnect.com\/#website"},"primaryImageOfPage":{"@id":"https:\/\/kadoconnect.com\/index.php\/product\/mobiflex-gelules-b-60\/#primaryimage"},"image":{"@id":"https:\/\/kadoconnect.com\/index.php\/product\/mobiflex-gelules-b-60\/#primaryimage"},"thumbnailUrl":"https:\/\/kadoconnect.com\/wp-content\/uploads\/2026\/04\/mobiflex.jpg","datePublished":"2026-04-04T21:14:10+00:00","description":"Optimisez votre mobilit\u00e9 avec notre complexe Glucosamine & Chondro\u00eftine. Une formule compl\u00e8te \u00e0 l'Acide Hyaluronique pour soulager vos articulations. Cure de 1 \u00e0 3 mois.","breadcrumb":{"@id":"https:\/\/kadoconnect.com\/index.php\/product\/mobiflex-gelules-b-60\/#breadcrumb"},"inLanguage":"fr-FR","potentialAction":[{"@type":"ReadAction","target":["https:\/\/kadoconnect.com\/index.php\/product\/mobiflex-gelules-b-60\/"]}]},{"@type":"ImageObject","inLanguage":"fr-FR","@id":"https:\/\/kadoconnect.com\/index.php\/product\/mobiflex-gelules-b-60\/#primaryimage","url":"https:\/\/kadoconnect.com\/wp-content\/uploads\/2026\/04\/mobiflex.jpg","contentUrl":"https:\/\/kadoconnect.com\/wp-content\/uploads\/2026\/04\/mobiflex.jpg","width":510,"height":650},{"@type":"BreadcrumbList","@id":"https:\/\/kadoconnect.com\/index.php\/product\/mobiflex-gelules-b-60\/#breadcrumb","itemListElement":[{"@type":"ListItem","position":1,"name":"Accueil","item":"https:\/\/kadoconnect.com\/"},{"@type":"ListItem","position":2,"name":"Boutique","item":"https:\/\/kadoconnect.com\/"},{"@type":"ListItem","position":3,"name":"MOBIFLEX GELULES B\/60"}]},{"@type":"WebSite","@id":"https:\/\/kadoconnect.com\/#website","url":"https:\/\/kadoconnect.com\/","name":"","description":"SATISFACTION IS OUR REWARD","potentialAction":[{"@type":"SearchAction","target":{"@type":"EntryPoint","urlTemplate":"https:\/\/kadoconnect.com\/?s={search_term_string}"},"query-input":{"@type":"PropertyValueSpecification","valueRequired":true,"valueName":"search_term_string"}}],"inLanguage":"fr-FR"}]}},"jetpack_sharing_enabled":true,"_links":{"self":[{"href":"https:\/\/kadoconnect.com\/index.php\/wp-json\/wp\/v2\/product\/589","targetHints":{"allow":["GET"]}}],"collection":[{"href":"https:\/\/kadoconnect.com\/index.php\/wp-json\/wp\/v2\/product"}],"about":[{"href":"https:\/\/kadoconnect.com\/index.php\/wp-json\/wp\/v2\/types\/product"}],"replies":[{"embeddable":true,"href":"https:\/\/kadoconnect.com\/index.php\/wp-json\/wp\/v2\/comments?post=589"}],"wp:featuredmedia":[{"embeddable":true,"href":"https:\/\/kadoconnect.com\/index.php\/wp-json\/wp\/v2\/media\/590"}],"wp:attachment":[{"href":"https:\/\/kadoconnect.com\/index.php\/wp-json\/wp\/v2\/media?parent=589"}],"wp:term":[{"taxonomy":"product_brand","embeddable":true,"href":"https:\/\/kadoconnect.com\/index.php\/wp-json\/wp\/v2\/product_brand?post=589"},{"taxonomy":"product_cat","embeddable":true,"href":"https:\/\/kadoconnect.com\/index.php\/wp-json\/wp\/v2\/product_cat?post=589"},{"taxonomy":"product_tag","embeddable":true,"href":"https:\/\/kadoconnect.com\/index.php\/wp-json\/wp\/v2\/product_tag?post=589"}],"curies":[{"name":"wp","href":"https:\/\/api.w.org\/{rel}","templated":true}]}}