{"id":599,"date":"2026-04-12T10:02:36","date_gmt":"2026-04-12T09:02:36","guid":{"rendered":"https:\/\/kadoconnect.com\/?post_type=product&#038;p=599"},"modified":"2026-04-12T10:02:37","modified_gmt":"2026-04-12T09:02:37","slug":"urinoir-mixte-2","status":"publish","type":"product","link":"https:\/\/kadoconnect.com\/index.php\/product\/urinoir-mixte-2\/","title":{"rendered":"URINOIR MIXTE"},"content":{"rendered":"<p>&#8211; Urinoir unisexe avec adaptateur fourni<\/p>\n<p>&#8211; Id\u00e9al lors des d\u00e9placements et pour les personnes confin\u00e9es au lit<\/p>\n<p>&#8211; Couvercle anti-renversement<\/p>\n<p>&#8211; L\u00e9g\u00e8re et portable<\/p>\n<p>&#8211; Capacit\u00e9 800 ml<\/p>\n","protected":false},"excerpt":{"rendered":"<p>&#8211; Urinoir unisexe avec adaptateur fourni &#8211; Id\u00e9al lors des d\u00e9placements et pour les personnes confin\u00e9es au lit &#8211; Couvercle anti-renversement &#8211; L\u00e9g\u00e8re et portable &#8211; Capacit\u00e9 800 ml<\/p>\n","protected":false},"featured_media":600,"comment_status":"open","ping_status":"closed","template":"","meta":[],"product_brand":[],"product_cat":[22],"product_tag":[],"class_list":{"0":"post-599","1":"product","2":"type-product","3":"status-publish","4":"has-post-thumbnail","6":"product_cat-matriel-medical","8":"first","9":"instock","10":"sale","11":"shipping-taxable","12":"purchasable","13":"product-type-simple"},"yoast_head":"<!-- This site is optimized with the Yoast SEO plugin v25.6 - https:\/\/yoast.com\/wordpress\/plugins\/seo\/ -->\n<title>URINOIR MIXTE -<\/title>\n<meta name=\"description\" content=\"Urinoir unisexe avec adaptateur fourni\" \/>\n<meta name=\"robots\" content=\"index, follow, max-snippet:-1, max-image-preview:large, max-video-preview:-1\" \/>\n<link rel=\"canonical\" href=\"https:\/\/kadoconnect.com\/index.php\/product\/urinoir-mixte-2\/\" \/>\n<meta property=\"og:locale\" content=\"fr_FR\" \/>\n<meta property=\"og:type\" content=\"article\" \/>\n<meta property=\"og:title\" content=\"URINOIR MIXTE -\" \/>\n<meta property=\"og:description\" content=\"Urinoir unisexe avec adaptateur fourni\" \/>\n<meta property=\"og:url\" content=\"https:\/\/kadoconnect.com\/index.php\/product\/urinoir-mixte-2\/\" \/>\n<meta property=\"article:publisher\" content=\"https:\/\/www.facebook.com\/Kadoconnect\" \/>\n<meta property=\"article:modified_time\" content=\"2026-04-12T09:02:37+00:00\" \/>\n<meta property=\"og:image\" content=\"https:\/\/kadoconnect.com\/wp-content\/uploads\/2026\/04\/urinoir-mixte-1.jpg\" \/>\n\t<meta property=\"og:image:width\" content=\"800\" \/>\n\t<meta property=\"og:image:height\" content=\"800\" \/>\n\t<meta property=\"og:image:type\" content=\"image\/jpeg\" \/>\n<meta name=\"twitter:card\" content=\"summary_large_image\" \/>\n<meta name=\"twitter:label1\" content=\"Dur\u00e9e de lecture estim\u00e9e\" \/>\n\t<meta name=\"twitter:data1\" content=\"1 minute\" \/>\n<script type=\"application\/ld+json\" class=\"yoast-schema-graph\">{\"@context\":\"https:\/\/schema.org\",\"@graph\":[{\"@type\":\"WebPage\",\"@id\":\"https:\/\/kadoconnect.com\/index.php\/product\/urinoir-mixte-2\/\",\"url\":\"https:\/\/kadoconnect.com\/index.php\/product\/urinoir-mixte-2\/\",\"name\":\"URINOIR MIXTE -\",\"isPartOf\":{\"@id\":\"https:\/\/kadoconnect.com\/#website\"},\"primaryImageOfPage\":{\"@id\":\"https:\/\/kadoconnect.com\/index.php\/product\/urinoir-mixte-2\/#primaryimage\"},\"image\":{\"@id\":\"https:\/\/kadoconnect.com\/index.php\/product\/urinoir-mixte-2\/#primaryimage\"},\"thumbnailUrl\":\"https:\/\/kadoconnect.com\/wp-content\/uploads\/2026\/04\/urinoir-mixte-1.jpg\",\"datePublished\":\"2026-04-12T09:02:36+00:00\",\"dateModified\":\"2026-04-12T09:02:37+00:00\",\"description\":\"Urinoir unisexe avec adaptateur fourni\",\"breadcrumb\":{\"@id\":\"https:\/\/kadoconnect.com\/index.php\/product\/urinoir-mixte-2\/#breadcrumb\"},\"inLanguage\":\"fr-FR\",\"potentialAction\":[{\"@type\":\"ReadAction\",\"target\":[\"https:\/\/kadoconnect.com\/index.php\/product\/urinoir-mixte-2\/\"]}]},{\"@type\":\"ImageObject\",\"inLanguage\":\"fr-FR\",\"@id\":\"https:\/\/kadoconnect.com\/index.php\/product\/urinoir-mixte-2\/#primaryimage\",\"url\":\"https:\/\/kadoconnect.com\/wp-content\/uploads\/2026\/04\/urinoir-mixte-1.jpg\",\"contentUrl\":\"https:\/\/kadoconnect.com\/wp-content\/uploads\/2026\/04\/urinoir-mixte-1.jpg\",\"width\":800,\"height\":800},{\"@type\":\"BreadcrumbList\",\"@id\":\"https:\/\/kadoconnect.com\/index.php\/product\/urinoir-mixte-2\/#breadcrumb\",\"itemListElement\":[{\"@type\":\"ListItem\",\"position\":1,\"name\":\"Accueil\",\"item\":\"https:\/\/kadoconnect.com\/\"},{\"@type\":\"ListItem\",\"position\":2,\"name\":\"Boutique\",\"item\":\"https:\/\/kadoconnect.com\/\"},{\"@type\":\"ListItem\",\"position\":3,\"name\":\"URINOIR MIXTE\"}]},{\"@type\":\"WebSite\",\"@id\":\"https:\/\/kadoconnect.com\/#website\",\"url\":\"https:\/\/kadoconnect.com\/\",\"name\":\"\",\"description\":\"SATISFACTION IS OUR REWARD\",\"potentialAction\":[{\"@type\":\"SearchAction\",\"target\":{\"@type\":\"EntryPoint\",\"urlTemplate\":\"https:\/\/kadoconnect.com\/?s={search_term_string}\"},\"query-input\":{\"@type\":\"PropertyValueSpecification\",\"valueRequired\":true,\"valueName\":\"search_term_string\"}}],\"inLanguage\":\"fr-FR\"}]}<\/script>\n<!-- \/ Yoast SEO plugin. -->","yoast_head_json":{"title":"URINOIR MIXTE -","description":"Urinoir unisexe avec adaptateur fourni","robots":{"index":"index","follow":"follow","max-snippet":"max-snippet:-1","max-image-preview":"max-image-preview:large","max-video-preview":"max-video-preview:-1"},"canonical":"https:\/\/kadoconnect.com\/index.php\/product\/urinoir-mixte-2\/","og_locale":"fr_FR","og_type":"article","og_title":"URINOIR MIXTE -","og_description":"Urinoir unisexe avec adaptateur fourni","og_url":"https:\/\/kadoconnect.com\/index.php\/product\/urinoir-mixte-2\/","article_publisher":"https:\/\/www.facebook.com\/Kadoconnect","article_modified_time":"2026-04-12T09:02:37+00:00","og_image":[{"width":800,"height":800,"url":"https:\/\/kadoconnect.com\/wp-content\/uploads\/2026\/04\/urinoir-mixte-1.jpg","type":"image\/jpeg"}],"twitter_card":"summary_large_image","twitter_misc":{"Dur\u00e9e de lecture estim\u00e9e":"1 minute"},"schema":{"@context":"https:\/\/schema.org","@graph":[{"@type":"WebPage","@id":"https:\/\/kadoconnect.com\/index.php\/product\/urinoir-mixte-2\/","url":"https:\/\/kadoconnect.com\/index.php\/product\/urinoir-mixte-2\/","name":"URINOIR MIXTE -","isPartOf":{"@id":"https:\/\/kadoconnect.com\/#website"},"primaryImageOfPage":{"@id":"https:\/\/kadoconnect.com\/index.php\/product\/urinoir-mixte-2\/#primaryimage"},"image":{"@id":"https:\/\/kadoconnect.com\/index.php\/product\/urinoir-mixte-2\/#primaryimage"},"thumbnailUrl":"https:\/\/kadoconnect.com\/wp-content\/uploads\/2026\/04\/urinoir-mixte-1.jpg","datePublished":"2026-04-12T09:02:36+00:00","dateModified":"2026-04-12T09:02:37+00:00","description":"Urinoir unisexe avec adaptateur fourni","breadcrumb":{"@id":"https:\/\/kadoconnect.com\/index.php\/product\/urinoir-mixte-2\/#breadcrumb"},"inLanguage":"fr-FR","potentialAction":[{"@type":"ReadAction","target":["https:\/\/kadoconnect.com\/index.php\/product\/urinoir-mixte-2\/"]}]},{"@type":"ImageObject","inLanguage":"fr-FR","@id":"https:\/\/kadoconnect.com\/index.php\/product\/urinoir-mixte-2\/#primaryimage","url":"https:\/\/kadoconnect.com\/wp-content\/uploads\/2026\/04\/urinoir-mixte-1.jpg","contentUrl":"https:\/\/kadoconnect.com\/wp-content\/uploads\/2026\/04\/urinoir-mixte-1.jpg","width":800,"height":800},{"@type":"BreadcrumbList","@id":"https:\/\/kadoconnect.com\/index.php\/product\/urinoir-mixte-2\/#breadcrumb","itemListElement":[{"@type":"ListItem","position":1,"name":"Accueil","item":"https:\/\/kadoconnect.com\/"},{"@type":"ListItem","position":2,"name":"Boutique","item":"https:\/\/kadoconnect.com\/"},{"@type":"ListItem","position":3,"name":"URINOIR MIXTE"}]},{"@type":"WebSite","@id":"https:\/\/kadoconnect.com\/#website","url":"https:\/\/kadoconnect.com\/","name":"","description":"SATISFACTION IS OUR REWARD","potentialAction":[{"@type":"SearchAction","target":{"@type":"EntryPoint","urlTemplate":"https:\/\/kadoconnect.com\/?s={search_term_string}"},"query-input":{"@type":"PropertyValueSpecification","valueRequired":true,"valueName":"search_term_string"}}],"inLanguage":"fr-FR"}]}},"jetpack_sharing_enabled":true,"_links":{"self":[{"href":"https:\/\/kadoconnect.com\/index.php\/wp-json\/wp\/v2\/product\/599","targetHints":{"allow":["GET"]}}],"collection":[{"href":"https:\/\/kadoconnect.com\/index.php\/wp-json\/wp\/v2\/product"}],"about":[{"href":"https:\/\/kadoconnect.com\/index.php\/wp-json\/wp\/v2\/types\/product"}],"replies":[{"embeddable":true,"href":"https:\/\/kadoconnect.com\/index.php\/wp-json\/wp\/v2\/comments?post=599"}],"wp:featuredmedia":[{"embeddable":true,"href":"https:\/\/kadoconnect.com\/index.php\/wp-json\/wp\/v2\/media\/600"}],"wp:attachment":[{"href":"https:\/\/kadoconnect.com\/index.php\/wp-json\/wp\/v2\/media?parent=599"}],"wp:term":[{"taxonomy":"product_brand","embeddable":true,"href":"https:\/\/kadoconnect.com\/index.php\/wp-json\/wp\/v2\/product_brand?post=599"},{"taxonomy":"product_cat","embeddable":true,"href":"https:\/\/kadoconnect.com\/index.php\/wp-json\/wp\/v2\/product_cat?post=599"},{"taxonomy":"product_tag","embeddable":true,"href":"https:\/\/kadoconnect.com\/index.php\/wp-json\/wp\/v2\/product_tag?post=599"}],"curies":[{"name":"wp","href":"https:\/\/api.w.org\/{rel}","templated":true}]}}