{"id":601,"date":"2026-04-12T10:20:01","date_gmt":"2026-04-12T09:20:01","guid":{"rendered":"https:\/\/kadoconnect.com\/?post_type=product&#038;p=601"},"modified":"2026-04-12T10:20:01","modified_gmt":"2026-04-12T09:20:01","slug":"raccord-stop-vide","status":"publish","type":"product","link":"https:\/\/kadoconnect.com\/index.php\/product\/raccord-stop-vide\/","title":{"rendered":"Raccord Stop-vide"},"content":{"rendered":"<p>Ce raccord d&rsquo;aspiration biconique poss\u00e8de un stop vide. Il s\u00a0\u00bbutilise entre le tuyau principal de l&rsquo;appareil de mucosit\u00e9<br \/>\net la sonde d&rsquo;aspiration.<br \/>\nIl est sp\u00e9cialement con\u00e7u pour les appareils de r\u00e9\u00e9ducation respiratoire<\/p>\n","protected":false},"excerpt":{"rendered":"<p>Raccord d&rsquo;aspiration biconique avec stop vide, pour les appareils de r\u00e9\u00e9ducation respiratoire<\/p>\n","protected":false},"featured_media":603,"comment_status":"open","ping_status":"closed","template":"","meta":[],"product_brand":[],"product_cat":[20],"product_tag":[],"class_list":{"0":"post-601","1":"product","2":"type-product","3":"status-publish","4":"has-post-thumbnail","6":"product_cat-consommable-medicale","8":"first","9":"instock","10":"sale","11":"shipping-taxable","12":"purchasable","13":"product-type-simple"},"yoast_head":"<!-- This site is optimized with the Yoast SEO plugin v25.6 - https:\/\/yoast.com\/wordpress\/plugins\/seo\/ -->\n<title>Raccord Stop-vide -<\/title>\n<meta name=\"description\" content=\"Raccord d&#039;aspiration biconique avec stop vide, pour les appareils de r\u00e9\u00e9ducation respiratoire\" \/>\n<meta name=\"robots\" content=\"index, follow, max-snippet:-1, max-image-preview:large, max-video-preview:-1\" \/>\n<link rel=\"canonical\" href=\"https:\/\/kadoconnect.com\/index.php\/product\/raccord-stop-vide\/\" \/>\n<meta property=\"og:locale\" content=\"fr_FR\" \/>\n<meta property=\"og:type\" content=\"article\" \/>\n<meta property=\"og:title\" content=\"Raccord Stop-vide -\" \/>\n<meta property=\"og:description\" content=\"Raccord d&#039;aspiration biconique avec stop vide, pour les appareils de r\u00e9\u00e9ducation respiratoire\" \/>\n<meta property=\"og:url\" content=\"https:\/\/kadoconnect.com\/index.php\/product\/raccord-stop-vide\/\" \/>\n<meta property=\"article:publisher\" content=\"https:\/\/www.facebook.com\/Kadoconnect\" \/>\n<meta property=\"og:image\" content=\"https:\/\/kadoconnect.com\/wp-content\/uploads\/2026\/04\/5455-raccord-daspiration-stopvide-pour-aspimed-22-aspeed-pro.jpg\" \/>\n\t<meta property=\"og:image:width\" content=\"800\" \/>\n\t<meta property=\"og:image:height\" content=\"800\" \/>\n\t<meta property=\"og:image:type\" content=\"image\/jpeg\" \/>\n<meta name=\"twitter:card\" content=\"summary_large_image\" \/>\n<meta name=\"twitter:label1\" content=\"Dur\u00e9e de lecture estim\u00e9e\" \/>\n\t<meta name=\"twitter:data1\" content=\"1 minute\" \/>\n<script type=\"application\/ld+json\" class=\"yoast-schema-graph\">{\"@context\":\"https:\/\/schema.org\",\"@graph\":[{\"@type\":\"WebPage\",\"@id\":\"https:\/\/kadoconnect.com\/index.php\/product\/raccord-stop-vide\/\",\"url\":\"https:\/\/kadoconnect.com\/index.php\/product\/raccord-stop-vide\/\",\"name\":\"Raccord Stop-vide -\",\"isPartOf\":{\"@id\":\"https:\/\/kadoconnect.com\/#website\"},\"primaryImageOfPage\":{\"@id\":\"https:\/\/kadoconnect.com\/index.php\/product\/raccord-stop-vide\/#primaryimage\"},\"image\":{\"@id\":\"https:\/\/kadoconnect.com\/index.php\/product\/raccord-stop-vide\/#primaryimage\"},\"thumbnailUrl\":\"https:\/\/kadoconnect.com\/wp-content\/uploads\/2026\/04\/5455-raccord-daspiration-stopvide-pour-aspimed-22-aspeed-pro.jpg\",\"datePublished\":\"2026-04-12T09:20:01+00:00\",\"description\":\"Raccord d'aspiration biconique avec stop vide, pour les appareils de r\u00e9\u00e9ducation respiratoire\",\"breadcrumb\":{\"@id\":\"https:\/\/kadoconnect.com\/index.php\/product\/raccord-stop-vide\/#breadcrumb\"},\"inLanguage\":\"fr-FR\",\"potentialAction\":[{\"@type\":\"ReadAction\",\"target\":[\"https:\/\/kadoconnect.com\/index.php\/product\/raccord-stop-vide\/\"]}]},{\"@type\":\"ImageObject\",\"inLanguage\":\"fr-FR\",\"@id\":\"https:\/\/kadoconnect.com\/index.php\/product\/raccord-stop-vide\/#primaryimage\",\"url\":\"https:\/\/kadoconnect.com\/wp-content\/uploads\/2026\/04\/5455-raccord-daspiration-stopvide-pour-aspimed-22-aspeed-pro.jpg\",\"contentUrl\":\"https:\/\/kadoconnect.com\/wp-content\/uploads\/2026\/04\/5455-raccord-daspiration-stopvide-pour-aspimed-22-aspeed-pro.jpg\",\"width\":800,\"height\":800},{\"@type\":\"BreadcrumbList\",\"@id\":\"https:\/\/kadoconnect.com\/index.php\/product\/raccord-stop-vide\/#breadcrumb\",\"itemListElement\":[{\"@type\":\"ListItem\",\"position\":1,\"name\":\"Accueil\",\"item\":\"https:\/\/kadoconnect.com\/\"},{\"@type\":\"ListItem\",\"position\":2,\"name\":\"Boutique\",\"item\":\"https:\/\/kadoconnect.com\/\"},{\"@type\":\"ListItem\",\"position\":3,\"name\":\"Raccord Stop-vide\"}]},{\"@type\":\"WebSite\",\"@id\":\"https:\/\/kadoconnect.com\/#website\",\"url\":\"https:\/\/kadoconnect.com\/\",\"name\":\"\",\"description\":\"SATISFACTION IS OUR REWARD\",\"potentialAction\":[{\"@type\":\"SearchAction\",\"target\":{\"@type\":\"EntryPoint\",\"urlTemplate\":\"https:\/\/kadoconnect.com\/?s={search_term_string}\"},\"query-input\":{\"@type\":\"PropertyValueSpecification\",\"valueRequired\":true,\"valueName\":\"search_term_string\"}}],\"inLanguage\":\"fr-FR\"}]}<\/script>\n<!-- \/ Yoast SEO plugin. -->","yoast_head_json":{"title":"Raccord Stop-vide -","description":"Raccord d'aspiration biconique avec stop vide, pour les appareils de r\u00e9\u00e9ducation respiratoire","robots":{"index":"index","follow":"follow","max-snippet":"max-snippet:-1","max-image-preview":"max-image-preview:large","max-video-preview":"max-video-preview:-1"},"canonical":"https:\/\/kadoconnect.com\/index.php\/product\/raccord-stop-vide\/","og_locale":"fr_FR","og_type":"article","og_title":"Raccord Stop-vide -","og_description":"Raccord d'aspiration biconique avec stop vide, pour les appareils de r\u00e9\u00e9ducation respiratoire","og_url":"https:\/\/kadoconnect.com\/index.php\/product\/raccord-stop-vide\/","article_publisher":"https:\/\/www.facebook.com\/Kadoconnect","og_image":[{"width":800,"height":800,"url":"https:\/\/kadoconnect.com\/wp-content\/uploads\/2026\/04\/5455-raccord-daspiration-stopvide-pour-aspimed-22-aspeed-pro.jpg","type":"image\/jpeg"}],"twitter_card":"summary_large_image","twitter_misc":{"Dur\u00e9e de lecture estim\u00e9e":"1 minute"},"schema":{"@context":"https:\/\/schema.org","@graph":[{"@type":"WebPage","@id":"https:\/\/kadoconnect.com\/index.php\/product\/raccord-stop-vide\/","url":"https:\/\/kadoconnect.com\/index.php\/product\/raccord-stop-vide\/","name":"Raccord Stop-vide -","isPartOf":{"@id":"https:\/\/kadoconnect.com\/#website"},"primaryImageOfPage":{"@id":"https:\/\/kadoconnect.com\/index.php\/product\/raccord-stop-vide\/#primaryimage"},"image":{"@id":"https:\/\/kadoconnect.com\/index.php\/product\/raccord-stop-vide\/#primaryimage"},"thumbnailUrl":"https:\/\/kadoconnect.com\/wp-content\/uploads\/2026\/04\/5455-raccord-daspiration-stopvide-pour-aspimed-22-aspeed-pro.jpg","datePublished":"2026-04-12T09:20:01+00:00","description":"Raccord d'aspiration biconique avec stop vide, pour les appareils de r\u00e9\u00e9ducation respiratoire","breadcrumb":{"@id":"https:\/\/kadoconnect.com\/index.php\/product\/raccord-stop-vide\/#breadcrumb"},"inLanguage":"fr-FR","potentialAction":[{"@type":"ReadAction","target":["https:\/\/kadoconnect.com\/index.php\/product\/raccord-stop-vide\/"]}]},{"@type":"ImageObject","inLanguage":"fr-FR","@id":"https:\/\/kadoconnect.com\/index.php\/product\/raccord-stop-vide\/#primaryimage","url":"https:\/\/kadoconnect.com\/wp-content\/uploads\/2026\/04\/5455-raccord-daspiration-stopvide-pour-aspimed-22-aspeed-pro.jpg","contentUrl":"https:\/\/kadoconnect.com\/wp-content\/uploads\/2026\/04\/5455-raccord-daspiration-stopvide-pour-aspimed-22-aspeed-pro.jpg","width":800,"height":800},{"@type":"BreadcrumbList","@id":"https:\/\/kadoconnect.com\/index.php\/product\/raccord-stop-vide\/#breadcrumb","itemListElement":[{"@type":"ListItem","position":1,"name":"Accueil","item":"https:\/\/kadoconnect.com\/"},{"@type":"ListItem","position":2,"name":"Boutique","item":"https:\/\/kadoconnect.com\/"},{"@type":"ListItem","position":3,"name":"Raccord Stop-vide"}]},{"@type":"WebSite","@id":"https:\/\/kadoconnect.com\/#website","url":"https:\/\/kadoconnect.com\/","name":"","description":"SATISFACTION IS OUR REWARD","potentialAction":[{"@type":"SearchAction","target":{"@type":"EntryPoint","urlTemplate":"https:\/\/kadoconnect.com\/?s={search_term_string}"},"query-input":{"@type":"PropertyValueSpecification","valueRequired":true,"valueName":"search_term_string"}}],"inLanguage":"fr-FR"}]}},"jetpack_sharing_enabled":true,"_links":{"self":[{"href":"https:\/\/kadoconnect.com\/index.php\/wp-json\/wp\/v2\/product\/601","targetHints":{"allow":["GET"]}}],"collection":[{"href":"https:\/\/kadoconnect.com\/index.php\/wp-json\/wp\/v2\/product"}],"about":[{"href":"https:\/\/kadoconnect.com\/index.php\/wp-json\/wp\/v2\/types\/product"}],"replies":[{"embeddable":true,"href":"https:\/\/kadoconnect.com\/index.php\/wp-json\/wp\/v2\/comments?post=601"}],"wp:featuredmedia":[{"embeddable":true,"href":"https:\/\/kadoconnect.com\/index.php\/wp-json\/wp\/v2\/media\/603"}],"wp:attachment":[{"href":"https:\/\/kadoconnect.com\/index.php\/wp-json\/wp\/v2\/media?parent=601"}],"wp:term":[{"taxonomy":"product_brand","embeddable":true,"href":"https:\/\/kadoconnect.com\/index.php\/wp-json\/wp\/v2\/product_brand?post=601"},{"taxonomy":"product_cat","embeddable":true,"href":"https:\/\/kadoconnect.com\/index.php\/wp-json\/wp\/v2\/product_cat?post=601"},{"taxonomy":"product_tag","embeddable":true,"href":"https:\/\/kadoconnect.com\/index.php\/wp-json\/wp\/v2\/product_tag?post=601"}],"curies":[{"name":"wp","href":"https:\/\/api.w.org\/{rel}","templated":true}]}}